{"id":83,"date":"2023-01-17T07:48:15","date_gmt":"2023-01-17T07:48:15","guid":{"rendered":"https:\/\/pixelateworks.com\/tekclinic\/?page_id=83"},"modified":"2023-03-02T23:00:42","modified_gmt":"2023-03-02T20:00:42","slug":"kisisel-verilerin-islenmesine-iliskin-bilgilendirme","status":"publish","type":"page","link":"https:\/\/www.tekclinic.com.tr\/en\/kisisel-verilerin-islenmesine-iliskin-bilgilendirme\/","title":{"rendered":"(TR) Ki\u015fisel Verilerin \u0130\u015flenmesine \u0130li\u015fkin Bilgilendirme"},"content":{"rendered":"<p class=\"qtranxs-available-languages-message qtranxs-available-languages-message-en\">Sorry, this entry is only available in <a href=\"https:\/\/www.tekclinic.com.tr\/tr\/wp-json\/wp\/v2\/pages\/83\" class=\"qtranxs-available-language-link qtranxs-available-language-link-tr\" title=\"TR\">TR<\/a>.<\/p><p><\/p>\n<h2>1. K\u0130\u015e\u0130SEL VER\u0130LER\u0130N TOPLANMASI, \u0130\u015eLENMES\u0130 VE \u0130\u015eLEME AMA\u00c7LARI<\/h2>\n<h3>Tek Clinic A\u011f\u0131z ve Di\u015f Sa\u011fl\u0131\u011f\u0131 Merkezi\u00a0 olarak,<\/h3>\n<p>Anayasa\u2019n\u0131n 20. maddesine ve KVK Kanunu\u2019nun 4. Maddesindeki ilkelere uygun olarak ki\u015fisel veri i\u015fleme faaliyetinde bulunmaktad\u0131r. Merkez, kanunlarda \u00f6ng\u00f6r\u00fclen veya ki\u015fisel veri i\u015fleme amac\u0131n\u0131n gerektirdi\u011fi s\u00fcre kadar ki\u015fisel verileri muhafaza etmektedir. Sa\u011fl\u0131k hizmetlerinin belirlenen yasal \u00e7er\u00e7evede verilebilmesi ve bu kapsamda Klini\u011fin s\u00f6zle\u015fmesel ve yasal y\u00fck\u00fcml\u00fcl\u00fcklerini tam ve gere\u011fi gibi yerine getirilebilmesi amac\u0131 ile toplan\u0131r. Ki\u015fisel veriler, verilen sa\u011fl\u0131k hizmetlerine ba\u011fl\u0131 olarak de\u011fi\u015febilmekle birlikte otomatik ya da otomatik olmayan y\u00f6ntemlerle, \u00e7a\u011fr\u0131 merkezi, internet sitesi, online hizmetler ve benzeri vas\u0131talarla s\u00f6zl\u00fc, yaz\u0131l\u0131 ya da elektronik olarak toplanmaktad\u0131r.<\/p>\n<h3>Ki\u015fisel verileriniz;<\/h3>\n<p>Ad\u0131n\u0131z, soyad\u0131n\u0131z, TC Kimlik numaran\u0131z, pasaport numaran\u0131z veya ge\u00e7ici TC Kimlik numaran\u0131z, do\u011fum yeri ve tarihiniz, medeni haliniz, cinsiyetiniz, klini\u011fimize \u00f6zg\u00fc hasta numaran\u0131z ve sizi tan\u0131mlayabilece\u011fimiz di\u011fer kimlik verileriniz; adresiniz, telefon numaran\u0131z, elektronik posta adresiniz ve sair ileti\u015fim verileriniz, \u00f6deme ve faturalama bilgileriniz gibi finansal verileriniz; muhtelif zamanlarda taraf\u0131m\u0131zca elektronik olan veya olmayan y\u00f6ntemlerle edinilebilecek sesli ve dijital bilgiler; Merkezimizi ziyaret etmeniz halinde kamera kay\u0131tlar\u0131 g\u00f6r\u00fcnt\u00fcleriniz; t\u00fcm t\u0131bbi te\u015fhis, muayene, tedavi ve bak\u0131m hizmetlerinin y\u00fcr\u00fct\u00fclmesi s\u0131ras\u0131nda elde edilen ki\u015fisel sa\u011fl\u0131k verisi ba\u015fta olmak \u00fczere genel ve \u00f6zel nitelikli ki\u015fisel verileriniz; sa\u011fl\u0131k hizmetlerinin finansman\u0131 ve planlamas\u0131 amac\u0131yla \u00f6zel sa\u011fl\u0131k sigortas\u0131na ili\u015fkin verileriniz ve Sosyal G\u00fcvenlik Kurumu verileriniz, internet sitemiz \u00fczerinden g\u00f6nderdi\u011finiz sa\u011fl\u0131k ve kimlik verileriniz \u00f6deme ve faturalama bilgileri gibi finansal verileriniz dahil olmak ve bunlarla s\u0131n\u0131rl\u0131 olmamak \u00fczere verileriniz merkezimiz taraf\u0131ndan i\u015flenecektir.<\/p>\n<p>Ayr\u0131ca, Tek Clinic A\u011f\u0131z ve Di\u015f Sa\u011fl\u0131\u011f\u0131 Merkezi online hizmetlerini kullanmak amac\u0131yla \u00e7a\u011fr\u0131 merkezimizi veya internet sitemizi kulland\u0131\u011f\u0131n\u0131zda, Merkezimizin d\u00fczenledi\u011fi e\u011fitim, seminer veya organizasyonlara kat\u0131ld\u0131\u011f\u0131n\u0131zda veya internet sayfalar\u0131n\u0131 ziyaret etmeniz ya da bu sitelerde gezmeniz halinde de ki\u015fisel verileriniz i\u015flenebilecektir.<\/p>\n<p>Ki\u015fisel verileriniz, KVK Kanunu\u2019nun 5. ve 6. maddelerinde belirtilen ki\u015fisel veri i\u015fleme \u015fartlar ve ama\u00e7lar\u0131 dahilinde i\u015flenecektir. Sa\u011fl\u0131k verileriniz ba\u015fta olmak \u00fczere \u00f6zel nitelikli ki\u015fisel verileriniz ve genel nitelikli ki\u015fisel verileriniz, Klini\u011fimiz taraf\u0131ndan a\u015fa\u011f\u0131da belirtilen ama\u00e7larla i\u015flenebilecektir;<\/p>\n<h3>\u00d6zel nitelikli ki\u015fisel verilerinizde dahil olmak \u00fczere ki\u015fisel verileriniz,<\/h3>\n<ul>\n<li>3359 say\u0131l\u0131 Sa\u011fl\u0131k Hizmetleri Temel Kanunu, 663 say\u0131l\u0131 Sa\u011fl\u0131k Bakanl\u0131\u011f\u0131 ve Ba\u011fl\u0131 Kurulu\u015flar\u0131n\u0131n Te\u015fkilat ve G\u00f6revleri Hakk\u0131nda Kanun H\u00fckm\u00fcnde Kararname, \u00d6zel Hastaneler Y\u00f6netmeli\u011fi, Ki\u015fisel Sa\u011fl\u0131k Verilerinin \u0130\u015flenmesi ve Mahremiyetinin Sa\u011flanmas\u0131 Hakk\u0131nda Y\u00f6netmelik ve ilgili di\u011fer d\u00fczenlemelerde yer alan hukuki y\u00fck\u00fcml\u00fcl\u00fcklerimizi yerine getirme;<\/li>\n<li>Kamu sa\u011fl\u0131\u011f\u0131n\u0131n korunmas\u0131, koruyucu hekimlik, t\u0131bb\u00ee te\u015fhis, tedavi ve bak\u0131m hizmetlerinin y\u00fcr\u00fct\u00fclmesi,<\/li>\n<li>Kamu sa\u011fl\u0131\u011f\u0131n\u0131n korunmas\u0131, koruyucu hekimlik, t\u0131bb\u00ee te\u015fhis, tedavi ve bak\u0131m hizmetlerinin y\u00fcr\u00fct\u00fclmesi,<\/li>\n<li>Randevu alman\u0131z halinde randevu hakk\u0131nda sizi haberdar edebilme;<\/li>\n<li>Kampanya ve bilgilendirmelerin mesaj ve email kanal\u0131 ile yap\u0131lmas\u0131,<\/li>\n<li>Hastanemizin i\u00e7 i\u015fleyi\u015finin planlanmas\u0131 ve y\u00f6netilmesi,<\/li>\n<li>Suistimal ve yetkisiz i\u015flemlerin izlenmesi ve engellenmesi;<\/li>\n<li>Risk y\u00f6netimi ve kalite geli\u015ftirme aktivitelerinin yerine getirilmesi;<\/li>\n<li>Ara\u015ft\u0131rma yap\u0131lmas\u0131;<\/li>\n<li>Kimli\u011finizi do\u011frulama;<\/li>\n<li>Klini\u011fimiz ile anla\u015fmal\u0131 olan kurumlarla ili\u015fkinizi teyit etme;<\/li>\n<li>Sa\u011fl\u0131k hizmetlerinin finansman\u0131 kapsam\u0131nda \u00f6zel sigorta \u015firketler ile talep edilen bilgileri payla\u015fma;<\/li>\n<li>Sa\u011fl\u0131k hizmetlerimize ili\u015fkin her t\u00fcrl\u00fc soru ve \u015fik\u00e2yetinize cevap verebilme;<\/li>\n<li>Klini\u011fimiz sistem ve uygulamalar\u0131n\u0131n veri g\u00fcvenli\u011fi kapsam\u0131nda t\u00fcm gerekli teknik ve idari tedbirleri alma;<\/li>\n<li>Size sundu\u011fumuz sa\u011fl\u0131k hizmetlerinin geli\u015ftirilmesi ve iyile\u015ftirilmesi amac\u0131yla sa\u011fl\u0131k hizmetleri kullan\u0131m\u0131n\u0131z\u0131 analiz etme ve sa\u011fl\u0131k verilerinizi saklama;<\/li>\n<li>\u0130lgili mevzuat gere\u011fi saklanmas\u0131 gereken sa\u011fl\u0131k verilerinize ili\u015fkin bilgileri muhafaza etme;<\/li>\n<li>Anla\u015fmal\u0131 oldu\u011fumuz kurumlarla size sunulan sa\u011fl\u0131k hizmetlerine ili\u015fkin finansal mutabakat sa\u011flanmas\u0131;<\/li>\n<li>Hasta memnuniyetinin \u00f6l\u00e7\u00fclmesi d\u00e2hil ancak bunlarla s\u0131n\u0131rl\u0131 olmaks\u0131z\u0131n, benzeri ama\u00e7larla i\u015flenebilecektir.<\/li>\n<\/ul>\n<p>Ayr\u0131ca ki\u015fisel verileriniz, 3359 say\u0131l\u0131 Sa\u011fl\u0131k Hizmetleri Temel Kanunu, 663 say\u0131l\u0131 Sa\u011fl\u0131k Bakanl\u0131\u011f\u0131 ve Ba\u011fl\u0131 Kurulu\u015flar\u0131n\u0131n Te\u015fkilat ve G\u00f6revleri Hakk\u0131nda Kanun H\u00fckm\u00fcnde Kararname, \u00d6zel Hastaneler Y\u00f6netmeli\u011fi, Ki\u015fisel Sa\u011fl\u0131k Verilerinin \u0130\u015flenmesi ve Mahremiyetinin Korunmas\u0131 Y\u00f6netmeli\u011fi ve Sa\u011fl\u0131k Bakanl\u0131\u011f\u0131 d\u00fczenlemeleri ve sair mevzuat h\u00fck\u00fcmleri \u00e7er\u00e7evesinde i\u015flenebilecek olup\u00a0 Tek Clinic A\u011f\u0131z ve Di\u015f Sa\u011fl\u0131\u011f\u0131 Merkezi \/veya tedarik\u00e7ilerimize ait fiziki ar\u015fivler ve bili\u015fim sistemlerine nakledilerek, hem dijital hem de fiziki ortamda muhafaza alt\u0131nda tutulabilecektir.<\/p>\n<p>Ayr\u0131ca, Merkezimiz \u00e7al\u0131\u015fanlar\u0131m\u0131z\u0131n verileri, \u0130\u015f Kanunu ve \u00c7al\u0131\u015fma ve Sosyal G\u00fcvenlik Mevzuat\u0131 ile y\u00fcr\u00fcrl\u00fckte olan di\u011fer mevzuat\u0131n \u00f6ng\u00f6rd\u00fc\u011f\u00fc zorunluluklar kapsam\u0131nda, \u00e7al\u0131\u015fan memnuniyetini artt\u0131rmak ve i\u015f g\u00fcvenli\u011fi ile i\u015f bar\u0131\u015f\u0131n\u0131n sa\u011flanmas\u0131 gibi i\u015fletmesel nedenler ile i\u015fverenin y\u00f6netim hakk\u0131 gere\u011fince taraf\u0131m\u0131zdan veya i\u015fbirli\u011fi yapt\u0131\u011f\u0131m\u0131z veya yetkilendirdi\u011fimiz ger\u00e7ek veya t\u00fczel ki\u015filer taraf\u0131ndan i\u015flenebilecektir.<\/p>\n<h2>2. K\u0130\u015e\u0130SEL VER\u0130LER\u0130N\u0130Z\u0130N AKTARILAB\u0130LECE\u011e\u0130 K\u0130\u015e\u0130 VE KURULU\u015eLAR<\/h2>\n<h3>Ki\u015fisel verileriniz, Kanun ve benzeri mevzuat kapsam\u0131nda ve yukar\u0131da yer verilen ama\u00e7larla:<\/h3>\n<ul>\n<li>Sosyal G\u00fcvenlik Kurumu,<\/li>\n<li>Sa\u011fl\u0131k Bakanl\u0131\u011f\u0131 ve ba\u011fl\u0131 alt birimleri, Aile Hekimli\u011fi Merkezleri<\/li>\n<li>\u00d6zel sigorta \u015firketleri (sa\u011fl\u0131k, emeklilik ve hayat sigortas\u0131 ve benzeri)<\/li>\n<li>Emniyet Genel M\u00fcd\u00fcrl\u00fc\u011f\u00fc ve benzeri kolluk kuvvetleri,<\/li>\n<li>N\u00fcfus Genel M\u00fcd\u00fcrl\u00fc\u011f\u00fc,<\/li>\n<li>T\u00fcrkiye Eczac\u0131lar Birli\u011fi,<\/li>\n<li>T\u00fcrk Di\u015f Hekimleri Odas\u0131,<\/li>\n<li>Mahkemeler,<\/li>\n<li>T\u0131bbi te\u015fhis i\u00e7in i\u015f birli\u011fi i\u00e7erisinde oldu\u011fumuz laboratuvar, merkez ve benzeri \u00fc\u00e7\u00fcnc\u00fc ki\u015filer,<\/li>\n<li>Yetki vermi\u015f oldu\u011funuz temsilcileriniz,<\/li>\n<li>Hastan\u0131n sevk edildi\u011fi veya hastan\u0131n kendisinin ba\u015fvurdu\u011fu sa\u011fl\u0131k kurulu\u015fu,<\/li>\n<li>Avukatlar, vergi dan\u0131\u015fmanlar\u0131 ve denetimciler de d\u00e2hil olmak \u00fczere dan\u0131\u015fmanl\u0131k ald\u0131\u011f\u0131m\u0131z \u00fc\u00e7\u00fcnc\u00fc ki\u015filer,<\/li>\n<li>D\u00fczenleyici ve denetleyici kurumlar, resmi merciler<\/li>\n<li>Hizmetlerinden faydaland\u0131\u011f\u0131m\u0131z veya i\u015fbirli\u011fi i\u00e7erisinde oldu\u011fumuz tedarik\u00e7ilerimiz, destek hizmet sa\u011flay\u0131c\u0131lar\u0131m\u0131z ve i\u015f ortaklar\u0131m\u0131z ve di\u011fer \u00fc\u00e7\u00fcnc\u00fc ki\u015filer ile KVKK\u2019nun 8. ve 9. maddelerinde belirtilen ki\u015fisel veri i\u015fleme \u015fartlar\u0131 ve ama\u00e7lar\u0131 \u00e7er\u00e7evesinde aktar\u0131labilecektir.<\/li>\n<\/ul>\n<h2>3. K\u0130\u015e\u0130SEL VER\u0130 TOPLAMANIN Y\u00d6NTEM\u0130 VE HUKUK\u0130 SEBEB\u0130<\/h2>\n<p>Ki\u015fisel verileriniz, her t\u00fcrl\u00fc s\u00f6zl\u00fc, yaz\u0131l\u0131 ya da elektronik ortamda, yukar\u0131da yer verilen ama\u00e7lar ve sa\u011fl\u0131k hizmetlerinin belirlenen yasal \u00e7er\u00e7evede verilebilmesi ve bu kapsamda Tek Clinic A\u011f\u0131z ve Di\u015f Sa\u011fl\u0131\u011f\u0131 Merkezi&#8217;nin s\u00f6zle\u015fmesel ve yasal y\u00fck\u00fcml\u00fcl\u00fcklerini tam ve gere\u011fi gibi yerine getirilebilmesi amac\u0131 ile toplan\u0131r.<\/p>\n<h2>4. K\u0130\u015e\u0130SEL VER\u0130LER\u0130N KORUNMASINA Y\u00d6NEL\u0130K HAKLARINIZ<\/h2>\n<h3>\u0130\u015flenen ki\u015fisel verilerinizle ilgili olarak, mevzuat uyar\u0131nca;<\/h3>\n<ul>\n<li>Ki\u015fisel veri i\u015flenip i\u015flenmedi\u011fini \u00f6\u011frenme, ki\u015fisel veriler i\u015flenmi\u015fse buna ili\u015fkin bilgi talep etme,<\/li>\n<li>Ki\u015fisel sa\u011fl\u0131k verilerine eri\u015fim ve bu verileri isteme, ki\u015fisel verilerin i\u015flenme amac\u0131n\u0131 ve bunlar\u0131n amac\u0131na uygun kullan\u0131l\u0131p kullan\u0131lmad\u0131\u011f\u0131n\u0131 \u00f6\u011frenme,<\/li>\n<li>Yurt i\u00e7inde veya yurt d\u0131\u015f\u0131nda ki\u015fisel verilerin aktar\u0131ld\u0131\u011f\u0131 \u00fc\u00e7\u00fcnc\u00fc ki\u015fileri bilme,<\/li>\n<li>Ki\u015fisel verilerin eksik veya yanl\u0131\u015f i\u015flenmi\u015f olmas\u0131 halinde bunlar\u0131n d\u00fczeltilmesini isteme, ki\u015fisel verilerin silinmesini veya yok edilmesini isteme,<\/li>\n<li>Ki\u015fisel verilerin eksik veya yanl\u0131\u015f i\u015flenmi\u015f olmas\u0131 halinde bunlar\u0131n d\u00fczeltilmesine ve\/veya ki\u015fisel verilerin silinmesini veya yok edilmesine ili\u015fkin i\u015flemlerin ki\u015fisel verilerin aktar\u0131ld\u0131\u011f\u0131 \u00fc\u00e7\u00fcnc\u00fc ki\u015filere bildirilmesini isteme,<\/li>\n<li>\u0130\u015flenen verilerin m\u00fcnhas\u0131ran otomatik sistemler vas\u0131tas\u0131yla analiz edilmesi suretiyle ki\u015finin kendisi aleyhine bir sonucun ortaya \u00e7\u0131kmas\u0131na itiraz etme,<\/li>\n<li>Ki\u015fisel verilerin kanuna ayk\u0131r\u0131 olarak i\u015flenmesi sebebiyle zarara u\u011framas\u0131 h\u00e2linde zarar\u0131n giderilmesini talep etme haklar\u0131na sahipsiniz.<\/li>\n<\/ul>\n<div class=\"highligt-text\">\n<p>Tek Clinic A\u011f\u0131z ve Di\u015f Sa\u011fl\u0131\u011f\u0131 Merkezi ki\u015fisel verilerinizi teknik ve idari imkanlar\u0131m\u0131z dahilinde titizlikle korumaktad\u0131r. Klini\u011fimiz taraf\u0131ndan al\u0131nan g\u00fcvenlik tedbirleri, teknolojik imkanlar da g\u00f6z \u00f6n\u00fcnde bulundurularak olas\u0131 risklere uygun bir d\u00fczeyde sa\u011flanmaktad\u0131r. Kanun kapsam\u0131ndaki taleplerinizi, \u201cwww.tekclinic.com.tr\u201d web adresindeki \u201cKi\u015fisel Verilerin Korunmas\u0131 Kanunu Uyar\u0131nca Ba\u015fvuru Formu\u201d doldurarak; Mehmet Akif\u00a0 mah. Erge sok. No:1\/1 B \u00c7ekmek\u00f6y \u2013 \u0130stanbul, T\u00fcrkiye adresine bizzat teslim edebilir, noter kanal\u0131yla g\u00f6nderebilir veya info@tekclinic.com.tr adresine g\u00fcvenli elektronik imzal\u0131 olarak iletebilirsiniz.<\/p>\n<\/div>\n<h2>B\u0130LG\u0130 G\u00dcVENL\u0130\u011e\u0130 Y\u00d6NET\u0130M S\u0130STEM\u0130 POL\u0130T\u0130KASI<\/h2>\n<ul>\n<li>Bilgi g\u00fcvenlili\u011fiyle ilgili kar\u015f\u0131la\u015f\u0131labilecek tehditlere kar\u015f\u0131 sistemimizin g\u00fcvenli\u011fini g\u00fcvence alt\u0131na alabilmek ve sistemin s\u00fcreklili\u011fini sa\u011flamak amac\u0131yla ISO 27001 standard\u0131na uyumlu bir Bilgi G\u00fcvenli\u011fi Y\u00f6netim Sistemini kurarak i\u015fletmeyi,<\/li>\n<li>Sundu\u011fumuz \u00fcr\u00fcnler ve hizmetler ile ilgili olarak, sahip oldu\u011fumuz t\u00fcm bilgi varl\u0131klar\u0131n\u0131n ve ilgili taraflar\u0131m\u0131za ait t\u00fcm bilgilerin, ki\u015fisel verilerin gizlilik, b\u00fct\u00fcnl\u00fck ve eri\u015filebilirli\u011fini sa\u011flamay\u0131,<\/li>\n<li>Bilgi varl\u0131klar\u0131na y\u00f6nelik riskleri y\u00f6netmeyi,<\/li>\n<li>Ulusal ve uluslararas\u0131 yasal \u015fartlar ile standart \u015fartlar\u0131n\u0131 kar\u015f\u0131lamay\u0131,<\/li>\n<li>\u00c7al\u0131\u015fanlar\u0131m\u0131z\u0131n bilgi g\u00fcvenli\u011fi ile ilgili fark\u0131ndal\u0131klar\u0131n\u0131 artt\u0131rmay\u0131,<\/li>\n<li>Bilgi g\u00fcvenli\u011fi fark\u0131ndal\u0131\u011f\u0131n\u0131 art\u0131rmak amac\u0131yla teknik ve sosyal yetkinlikleri geli\u015ftirecek etkinlikler ger\u00e7ekle\u015ftirmeyi,<\/li>\n<li>Bilgi g\u00fcvenli\u011fi y\u00f6netim sistemini s\u00fcrekli iyile\u015ftirmeyi ve geli\u015ftirmeyi taahh\u00fct ediyoruz.<\/li>\n<\/ul>\n<p><\/p>","protected":false},"excerpt":{"rendered":"<p>Sorry, this entry is only available in TR. 1. K\u0130\u015e\u0130SEL VER\u0130LER\u0130N TOPLANMASI, \u0130\u015eLENMES\u0130 VE \u0130\u015eLEME AMA\u00c7LARI Tek Clinic A\u011f\u0131z ve Di\u015f Sa\u011fl\u0131\u011f\u0131 Merkezi\u00a0 olarak, Anayasa\u2019n\u0131n 20. maddesine ve KVK Kanunu\u2019nun 4. Maddesindeki ilkelere uygun olarak ki\u015fisel veri i\u015fleme faaliyetinde bulunmaktad\u0131r. Merkez, kanunlarda \u00f6ng\u00f6r\u00fclen veya ki\u015fisel veri i\u015fleme amac\u0131n\u0131n gerektirdi\u011fi s\u00fcre kadar ki\u015fisel verileri muhafaza etmektedir. [&hellip;]<\/p>\n","protected":false},"author":1,"featured_media":0,"parent":0,"menu_order":0,"comment_status":"closed","ping_status":"closed","template":"","meta":{"inline_featured_image":false,"footnotes":""},"class_list":["post-83","page","type-page","status-publish","hentry"],"yoast_head":"<!-- This site is optimized with the Yoast SEO plugin v25.2 - https:\/\/yoast.com\/wordpress\/plugins\/seo\/ -->\n<title>| Tek Clinic A\u011f\u0131z ve Di\u015f Sa\u011fl\u0131\u011f\u0131 Merkezi Tek Clinic<\/title>\n<meta name=\"description\" content=\"1. K\u0130\u015e\u0130SEL VER\u0130LER\u0130N TOPLANMASI, \u0130\u015eLENMES\u0130 VE \u0130\u015eLEME AMA\u00c7LARI Tek Clinic A\u011f\u0131z ve Di\u015f Sa\u011fl\u0131\u011f\u0131 Merkezi\u00a0 olarak, Anayasa\u2019n\u0131n 20. maddesine ve KVK Kanunu\u2019nun\" \/>\n<meta name=\"robots\" content=\"index, follow, max-snippet:-1, max-image-preview:large, max-video-preview:-1\" \/>\n<link rel=\"canonical\" href=\"https:\/\/www.tekclinic.com.tr\/en\/kisisel-verilerin-islenmesine-iliskin-bilgilendirme\/\" \/>\n<meta property=\"og:locale\" content=\"en_US\" \/>\n<meta property=\"og:type\" content=\"article\" \/>\n<meta property=\"og:title\" content=\"| Tek Clinic A\u011f\u0131z ve Di\u015f Sa\u011fl\u0131\u011f\u0131 Merkezi Tek Clinic\" \/>\n<meta property=\"og:description\" content=\"1. K\u0130\u015e\u0130SEL VER\u0130LER\u0130N TOPLANMASI, \u0130\u015eLENMES\u0130 VE \u0130\u015eLEME AMA\u00c7LARI Tek Clinic A\u011f\u0131z ve Di\u015f Sa\u011fl\u0131\u011f\u0131 Merkezi\u00a0 olarak, Anayasa\u2019n\u0131n 20. maddesine ve KVK Kanunu\u2019nun\" \/>\n<meta property=\"og:url\" content=\"https:\/\/www.tekclinic.com.tr\/en\/kisisel-verilerin-islenmesine-iliskin-bilgilendirme\/\" \/>\n<meta property=\"og:site_name\" content=\"Tek Clinic A\u011f\u0131z ve Di\u015f Sa\u011fl\u0131\u011f\u0131 Merkezi [:en]Tek Clinic[:]\" \/>\n<meta property=\"article:publisher\" content=\"https:\/\/www.facebook.com\/profile.php?id=100087637188901\" \/>\n<meta property=\"article:modified_time\" content=\"2023-03-02T20:00:42+00:00\" \/>\n<meta property=\"og:image\" content=\"https:\/\/www.tekclinic.com.tr\/wp-content\/uploads\/2023\/01\/logo_tekclinic_2.jpg\" \/>\n\t<meta property=\"og:image:width\" content=\"1753\" \/>\n\t<meta property=\"og:image:height\" content=\"1479\" \/>\n\t<meta property=\"og:image:type\" content=\"image\/jpeg\" \/>\n<meta name=\"twitter:card\" content=\"summary_large_image\" \/>\n<meta name=\"twitter:label1\" content=\"Est. reading time\" \/>\n\t<meta name=\"twitter:data1\" content=\"7 minutes\" \/>\n<script type=\"application\/ld+json\" class=\"yoast-schema-graph\">{\"@context\":\"https:\/\/schema.org\",\"@graph\":[{\"@type\":\"WebPage\",\"@id\":\"https:\/\/www.tekclinic.com.tr\/en\/kisisel-verilerin-islenmesine-iliskin-bilgilendirme\/\",\"url\":\"https:\/\/www.tekclinic.com.tr\/en\/kisisel-verilerin-islenmesine-iliskin-bilgilendirme\/\",\"name\":\"| Tek Clinic A\u011f\u0131z ve Di\u015f Sa\u011fl\u0131\u011f\u0131 Merkezi Tek Clinic\",\"isPartOf\":{\"@id\":\"https:\/\/www.tekclinic.com.tr\/en\/#website\"},\"datePublished\":\"2023-01-17T07:48:15+00:00\",\"dateModified\":\"2023-03-02T20:00:42+00:00\",\"description\":\"1. K\u0130\u015e\u0130SEL VER\u0130LER\u0130N TOPLANMASI, \u0130\u015eLENMES\u0130 VE \u0130\u015eLEME AMA\u00c7LARI Tek Clinic A\u011f\u0131z ve Di\u015f Sa\u011fl\u0131\u011f\u0131 Merkezi\u00a0 olarak, Anayasa\u2019n\u0131n 20. maddesine ve KVK Kanunu\u2019nun\",\"breadcrumb\":{\"@id\":\"https:\/\/www.tekclinic.com.tr\/en\/kisisel-verilerin-islenmesine-iliskin-bilgilendirme\/#breadcrumb\"},\"inLanguage\":\"en-US\",\"potentialAction\":[{\"@type\":\"ReadAction\",\"target\":[[\"https:\/\/www.tekclinic.com.tr\/en\/kisisel-verilerin-islenmesine-iliskin-bilgilendirme\/\"]]}]},{\"@type\":\"BreadcrumbList\",\"@id\":\"https:\/\/www.tekclinic.com.tr\/en\/kisisel-verilerin-islenmesine-iliskin-bilgilendirme\/#breadcrumb\",\"itemListElement\":[{\"@type\":\"ListItem\",\"position\":1,\"name\":\"Anasayfa\",\"item\":\"https:\/\/www.tekclinic.com.tr\/en\/\"},{\"@type\":\"ListItem\",\"position\":2,\"name\":\"Ki\u015fisel Verilerin \u0130\u015flenmesine \u0130li\u015fkin Bilgilendirme\"}]},{\"@type\":\"WebSite\",\"@id\":\"https:\/\/www.tekclinic.com.tr\/en\/#website\",\"url\":\"https:\/\/www.tekclinic.com.tr\/en\/\",\"name\":\"TEK Clinic A\u011f\u0131z ve Di\u015f Sa\u011fl\u0131\u011f\u0131 Merkezi\",\"description\":\"G\u00fcl\u00fc\u015f\u00fcn\u00fcze TEK Dokunu\u015f\",\"publisher\":{\"@id\":\"https:\/\/www.tekclinic.com.tr\/en\/#organization\"},\"potentialAction\":[{\"@type\":\"SearchAction\",\"target\":{\"@type\":\"EntryPoint\",\"urlTemplate\":\"https:\/\/www.tekclinic.com.tr\/en\/?s={search_term_string}\"},\"query-input\":{\"@type\":\"PropertyValueSpecification\",\"valueRequired\":true,\"valueName\":\"search_term_string\"}}],\"inLanguage\":\"en-US\"},{\"@type\":\"Organization\",\"@id\":\"https:\/\/www.tekclinic.com.tr\/en\/#organization\",\"name\":\"TEK Clinic A\u011f\u0131z ve Di\u015f Sa\u011fl\u0131\u011f\u0131 Merkezi\",\"url\":\"https:\/\/www.tekclinic.com.tr\/en\/\",\"logo\":{\"@type\":\"ImageObject\",\"inLanguage\":\"en-US\",\"@id\":\"https:\/\/www.tekclinic.com.tr\/en\/#\/schema\/logo\/image\/\",\"url\":\"https:\/\/www.tekclinic.com.tr\/wp-content\/uploads\/2023\/01\/tekclinic_logo_1.svg\",\"contentUrl\":\"https:\/\/www.tekclinic.com.tr\/wp-content\/uploads\/2023\/01\/tekclinic_logo_1.svg\",\"width\":\"1024\",\"height\":\"1024\",\"caption\":\"TEK Clinic A\u011f\u0131z ve Di\u015f Sa\u011fl\u0131\u011f\u0131 Merkezi\"},\"image\":{\"@id\":\"https:\/\/www.tekclinic.com.tr\/en\/#\/schema\/logo\/image\/\"},\"sameAs\":[\"https:\/\/www.facebook.com\/profile.php?id=100087637188901\",\"https:\/\/www.instagram.com\/tekclinic\/\"]}]}<\/script>\n<!-- \/ Yoast SEO plugin. -->","yoast_head_json":{"title":"| Tek Clinic A\u011f\u0131z ve Di\u015f Sa\u011fl\u0131\u011f\u0131 Merkezi Tek Clinic","description":"1. K\u0130\u015e\u0130SEL VER\u0130LER\u0130N TOPLANMASI, \u0130\u015eLENMES\u0130 VE \u0130\u015eLEME AMA\u00c7LARI Tek Clinic A\u011f\u0131z ve Di\u015f Sa\u011fl\u0131\u011f\u0131 Merkezi\u00a0 olarak, Anayasa\u2019n\u0131n 20. maddesine ve KVK Kanunu\u2019nun","robots":{"index":"index","follow":"follow","max-snippet":"max-snippet:-1","max-image-preview":"max-image-preview:large","max-video-preview":"max-video-preview:-1"},"canonical":"https:\/\/www.tekclinic.com.tr\/en\/kisisel-verilerin-islenmesine-iliskin-bilgilendirme\/","og_locale":"en_US","og_type":"article","og_title":"| Tek Clinic A\u011f\u0131z ve Di\u015f Sa\u011fl\u0131\u011f\u0131 Merkezi Tek Clinic","og_description":"1. K\u0130\u015e\u0130SEL VER\u0130LER\u0130N TOPLANMASI, \u0130\u015eLENMES\u0130 VE \u0130\u015eLEME AMA\u00c7LARI Tek Clinic A\u011f\u0131z ve Di\u015f Sa\u011fl\u0131\u011f\u0131 Merkezi\u00a0 olarak, Anayasa\u2019n\u0131n 20. maddesine ve KVK Kanunu\u2019nun","og_url":"https:\/\/www.tekclinic.com.tr\/en\/kisisel-verilerin-islenmesine-iliskin-bilgilendirme\/","og_site_name":"Tek Clinic A\u011f\u0131z ve Di\u015f Sa\u011fl\u0131\u011f\u0131 Merkezi [:en]Tek Clinic[:]","article_publisher":"https:\/\/www.facebook.com\/profile.php?id=100087637188901","article_modified_time":"2023-03-02T20:00:42+00:00","og_image":[{"width":1753,"height":1479,"url":"https:\/\/www.tekclinic.com.tr\/wp-content\/uploads\/2023\/01\/logo_tekclinic_2.jpg","type":"image\/jpeg"}],"twitter_card":"summary_large_image","twitter_misc":{"Est. reading time":"7 minutes"},"schema":{"@context":"https:\/\/schema.org","@graph":[{"@type":"WebPage","@id":"https:\/\/www.tekclinic.com.tr\/en\/kisisel-verilerin-islenmesine-iliskin-bilgilendirme\/","url":"https:\/\/www.tekclinic.com.tr\/en\/kisisel-verilerin-islenmesine-iliskin-bilgilendirme\/","name":"| Tek Clinic A\u011f\u0131z ve Di\u015f Sa\u011fl\u0131\u011f\u0131 Merkezi Tek Clinic","isPartOf":{"@id":"https:\/\/www.tekclinic.com.tr\/en\/#website"},"datePublished":"2023-01-17T07:48:15+00:00","dateModified":"2023-03-02T20:00:42+00:00","description":"1. K\u0130\u015e\u0130SEL VER\u0130LER\u0130N TOPLANMASI, \u0130\u015eLENMES\u0130 VE \u0130\u015eLEME AMA\u00c7LARI Tek Clinic A\u011f\u0131z ve Di\u015f Sa\u011fl\u0131\u011f\u0131 Merkezi\u00a0 olarak, Anayasa\u2019n\u0131n 20. maddesine ve KVK Kanunu\u2019nun","breadcrumb":{"@id":"https:\/\/www.tekclinic.com.tr\/en\/kisisel-verilerin-islenmesine-iliskin-bilgilendirme\/#breadcrumb"},"inLanguage":"en-US","potentialAction":[{"@type":"ReadAction","target":[["https:\/\/www.tekclinic.com.tr\/en\/kisisel-verilerin-islenmesine-iliskin-bilgilendirme\/"]]}]},{"@type":"BreadcrumbList","@id":"https:\/\/www.tekclinic.com.tr\/en\/kisisel-verilerin-islenmesine-iliskin-bilgilendirme\/#breadcrumb","itemListElement":[{"@type":"ListItem","position":1,"name":"Anasayfa","item":"https:\/\/www.tekclinic.com.tr\/en\/"},{"@type":"ListItem","position":2,"name":"Ki\u015fisel Verilerin \u0130\u015flenmesine \u0130li\u015fkin Bilgilendirme"}]},{"@type":"WebSite","@id":"https:\/\/www.tekclinic.com.tr\/en\/#website","url":"https:\/\/www.tekclinic.com.tr\/en\/","name":"TEK Clinic A\u011f\u0131z ve Di\u015f Sa\u011fl\u0131\u011f\u0131 Merkezi","description":"G\u00fcl\u00fc\u015f\u00fcn\u00fcze TEK Dokunu\u015f","publisher":{"@id":"https:\/\/www.tekclinic.com.tr\/en\/#organization"},"potentialAction":[{"@type":"SearchAction","target":{"@type":"EntryPoint","urlTemplate":"https:\/\/www.tekclinic.com.tr\/en\/?s={search_term_string}"},"query-input":{"@type":"PropertyValueSpecification","valueRequired":true,"valueName":"search_term_string"}}],"inLanguage":"en-US"},{"@type":"Organization","@id":"https:\/\/www.tekclinic.com.tr\/en\/#organization","name":"TEK Clinic A\u011f\u0131z ve Di\u015f Sa\u011fl\u0131\u011f\u0131 Merkezi","url":"https:\/\/www.tekclinic.com.tr\/en\/","logo":{"@type":"ImageObject","inLanguage":"en-US","@id":"https:\/\/www.tekclinic.com.tr\/en\/#\/schema\/logo\/image\/","url":"https:\/\/www.tekclinic.com.tr\/wp-content\/uploads\/2023\/01\/tekclinic_logo_1.svg","contentUrl":"https:\/\/www.tekclinic.com.tr\/wp-content\/uploads\/2023\/01\/tekclinic_logo_1.svg","width":"1024","height":"1024","caption":"TEK Clinic A\u011f\u0131z ve Di\u015f Sa\u011fl\u0131\u011f\u0131 Merkezi"},"image":{"@id":"https:\/\/www.tekclinic.com.tr\/en\/#\/schema\/logo\/image\/"},"sameAs":["https:\/\/www.facebook.com\/profile.php?id=100087637188901","https:\/\/www.instagram.com\/tekclinic\/"]}]}},"_links":{"self":[{"href":"https:\/\/www.tekclinic.com.tr\/en\/wp-json\/wp\/v2\/pages\/83","targetHints":{"allow":["GET"]}}],"collection":[{"href":"https:\/\/www.tekclinic.com.tr\/en\/wp-json\/wp\/v2\/pages"}],"about":[{"href":"https:\/\/www.tekclinic.com.tr\/en\/wp-json\/wp\/v2\/types\/page"}],"author":[{"embeddable":true,"href":"https:\/\/www.tekclinic.com.tr\/en\/wp-json\/wp\/v2\/users\/1"}],"replies":[{"embeddable":true,"href":"https:\/\/www.tekclinic.com.tr\/en\/wp-json\/wp\/v2\/comments?post=83"}],"version-history":[{"count":4,"href":"https:\/\/www.tekclinic.com.tr\/en\/wp-json\/wp\/v2\/pages\/83\/revisions"}],"predecessor-version":[{"id":1406,"href":"https:\/\/www.tekclinic.com.tr\/en\/wp-json\/wp\/v2\/pages\/83\/revisions\/1406"}],"wp:attachment":[{"href":"https:\/\/www.tekclinic.com.tr\/en\/wp-json\/wp\/v2\/media?parent=83"}],"curies":[{"name":"wp","href":"https:\/\/api.w.org\/{rel}","templated":true}]}}